{"id":4509,"date":"2026-04-14T10:50:55","date_gmt":"2026-04-14T14:50:55","guid":{"rendered":"https:\/\/elitehockey.com\/?post_type=product&#038;p=4509"},"modified":"2026-04-14T14:26:35","modified_gmt":"2026-04-14T18:26:35","slug":"bas-de-compression-pro-xtreme","status":"publish","type":"product","link":"https:\/\/elitehockey.com\/fr\/product\/bas-de-compression-pro-xtreme\/","title":{"rendered":"Bas Pro-xtreme Compression &#8211; Genou"},"content":{"rendered":"<p><strong>EH\u00ae\u00a0 PRO-XTREME COMPRESSION<\/strong> L&rsquo;\u00e9lasticit\u00e9 dans les 4 sens assure une chaussette de compression l\u00e9g\u00e8re, de haute performance et parfaite, utilisant des mat\u00e9riaux de haute technologie. La compression strat\u00e9gique con\u00e7ue au niveau des pieds et de la chaussette offre un ajustement parfait en tant que meilleure chaussette de skate de l&rsquo;industrie du hockey. Fabriqu\u00e9 \u00e0 l&rsquo;aide de la derni\u00e8re <strong>TECHNOLOGIE DE TRICOTAGE 3D.<\/strong><\/p>\n<p><strong>INSTRUCTIONS SP\u00c9CIALES:<\/strong> Pour des performances optimales, les chaussettes sont marqu\u00e9es \u00ab\u00a0<strong>L<\/strong>\u00a0\u00bb pour pied gauche et \u00ab\u00a0<strong>R<\/strong>\u00a0\u00bb pour pied droite sur le bas chaque chaussette.<\/p>\n<p><strong>COMPOS\u00c9 DE:<br \/>\n<\/strong>78% Sport Nylon, 12% Rubber, 5% Polyester, 5% Lycra\u00ae<br \/>\n<strong><img loading=\"lazy\" decoding=\"async\" class=\"alignnone wp-image-4511\" src=\"https:\/\/elitehockey.com\/wp-content\/uploads\/2026\/04\/3D-logo.jpg\" alt=\"\" width=\"283\" height=\"97\" srcset=\"https:\/\/elitehockey.com\/wp-content\/uploads\/2026\/04\/3D-logo.jpg 411w, https:\/\/elitehockey.com\/wp-content\/uploads\/2026\/04\/3D-logo-300x103.jpg 300w, https:\/\/elitehockey.com\/wp-content\/uploads\/2026\/04\/3D-logo-120x41.jpg 120w\" sizes=\"auto, (max-width: 283px) 100vw, 283px\" \/><\/strong><\/p>\n","protected":false},"excerpt":{"rendered":"<p><strong>EH\u00ae PRO-SERIES COMPRESSION<\/strong> une extensibilit\u00e9 quadridirectionnelle assure une chaussette de compression l\u00e9g\u00e8re, de haute performance et parfaite.<\/p>\n<table style=\"height: 152px;\" border=\"0\" width=\"428\">\n<tbody>\n<tr>\n<td style=\"text-align: center;\">Article<\/td>\n<td style=\"text-align: center;\">\u00a0 Couleur<\/td>\n<td style=\"text-align: left;\">\u00a0 Grandeur<\/td>\n<td style=\"text-align: center;\">Longueur<\/td>\n<\/tr>\n<tr>\n<td style=\"text-align: center;\">10190<\/td>\n<td style=\"text-align: center;\">Noir\/Gris Argent\u00e9<\/td>\n<td style=\"text-align: left;\">\u00a0 Petit\u00a0 2-4<\/td>\n<td style=\"text-align: center;\">Genou<\/td>\n<\/tr>\n<tr>\n<td style=\"text-align: center;\">10191<\/td>\n<td style=\"text-align: center;\">Noir\/Gris Argent\u00e9<\/td>\n<td style=\"text-align: left;\">\u00a0 Moyen 5-7<\/td>\n<td style=\"text-align: center;\">Genou<\/td>\n<\/tr>\n<tr>\n<td style=\"text-align: center;\">10192<\/td>\n<td style=\"text-align: center;\">Noir\/Gris Argent\u00e9<\/td>\n<td style=\"text-align: left;\">\u00a0 Grand 8-10<\/td>\n<td style=\"text-align: center;\">Genou<\/td>\n<\/tr>\n<tr>\n<td style=\"text-align: center;\">10193<\/td>\n<td style=\"text-align: center;\">Noir\/Gris Argent\u00e9<\/td>\n<td style=\"text-align: left;\">\u00a0 T-Grand 11-13<\/td>\n<td style=\"text-align: center;\">Genou<\/td>\n<\/tr>\n<\/tbody>\n<\/table>\n","protected":false},"featured_media":4507,"comment_status":"open","ping_status":"closed","template":"","meta":[],"product_brand":[],"product_cat":[377],"product_tag":[260,314],"class_list":{"0":"post-4509","1":"product","2":"type-product","3":"status-publish","4":"has-post-thumbnail","6":"product_cat-chaussette-pro-xtreme-compression","7":"product_tag-chaussette","8":"product_tag-compression-fr","10":"first","11":"instock","12":"shipping-taxable","13":"product-type-simple"},"_links":{"self":[{"href":"https:\/\/elitehockey.com\/fr\/wp-json\/wp\/v2\/product\/4509","targetHints":{"allow":["GET"]}}],"collection":[{"href":"https:\/\/elitehockey.com\/fr\/wp-json\/wp\/v2\/product"}],"about":[{"href":"https:\/\/elitehockey.com\/fr\/wp-json\/wp\/v2\/types\/product"}],"replies":[{"embeddable":true,"href":"https:\/\/elitehockey.com\/fr\/wp-json\/wp\/v2\/comments?post=4509"}],"wp:featuredmedia":[{"embeddable":true,"href":"https:\/\/elitehockey.com\/fr\/wp-json\/wp\/v2\/media\/4507"}],"wp:attachment":[{"href":"https:\/\/elitehockey.com\/fr\/wp-json\/wp\/v2\/media?parent=4509"}],"wp:term":[{"taxonomy":"product_brand","embeddable":true,"href":"https:\/\/elitehockey.com\/fr\/wp-json\/wp\/v2\/product_brand?post=4509"},{"taxonomy":"product_cat","embeddable":true,"href":"https:\/\/elitehockey.com\/fr\/wp-json\/wp\/v2\/product_cat?post=4509"},{"taxonomy":"product_tag","embeddable":true,"href":"https:\/\/elitehockey.com\/fr\/wp-json\/wp\/v2\/product_tag?post=4509"}],"curies":[{"name":"wp","href":"https:\/\/api.w.org\/{rel}","templated":true}]}}