{"id":4125,"date":"2026-03-23T12:45:42","date_gmt":"2026-03-23T16:45:42","guid":{"rendered":"https:\/\/elitehockey.com\/?post_type=product&#038;p=4125"},"modified":"2026-03-25T13:15:27","modified_gmt":"2026-03-25T17:15:27","slug":"ensemble-de-gardien-de-rue-andrei-vasilevskiy","status":"publish","type":"product","link":"https:\/\/elitehockey.com\/fr\/product\/ensemble-de-gardien-de-rue-andrei-vasilevskiy\/","title":{"rendered":"Ensemble de Gardien de rue &#8211; Andrei Vasilevskiy"},"content":{"rendered":"<p><span style=\"color: #000000;\"><strong>JAMBI\u00c8RES<\/strong><\/span><\/p>\n<ul>\n<li><span style=\"color: #000000;\">Mod\u00e8le carr\u00e9 PRO.<\/span><\/li>\n<li><span style=\"color: #000000;\">Logement de jambe profond.<\/span><\/li>\n<li><span style=\"color: #000000;\">Courroies avec attaches \u00e0 blocage ajustable.<\/span><\/li>\n<li><span style=\"color: #000000;\">Fabrication en mousse pr\u00e9-\ufb02\u00e9chie.<\/span><\/li>\n<\/ul>\n<p><span style=\"color: #000000;\"><strong>PLASTRON<\/strong><\/span><\/p>\n<ul>\n<li><span style=\"color: #000000;\">Fabrication en blocs de mousse articul\u00e9s.<\/span><\/li>\n<li><span style=\"color: #000000;\">Ext\u00e9rieur en nylon durable.<\/span><\/li>\n<li><span style=\"color: #000000;\">Courroie dans le dos assurant la stabilit\u00e9 du plastron.<\/span><\/li>\n<li><span style=\"color: #000000;\">Mousse confort douce contre le corps. <\/span><\/li>\n<\/ul>\n<p><span style=\"color: #000000;\"><strong>MITAINE<\/strong><\/span><\/p>\n<ul>\n<li><span style=\"color: #000000;\">Surface d\u2019attrape renforc\u00e9e de plastique.<\/span><\/li>\n<li><span style=\"color: #000000;\">Pi\u00e8ce de d\u00e9\ufb02ection vers l\u2019ext\u00e9rieur.<\/span><\/li>\n<li><span style=\"color: #000000;\">Logement profond.<\/span><\/li>\n<li><span style=\"color: #000000;\">Protection enveloppant tout le dos de la main. <\/span><\/li>\n<\/ul>\n<p><span style=\"color: #000000;\"><strong>BLOQUEUR<\/strong> <\/span><\/p>\n<ul>\n<li><span style=\"color: #000000;\">Pi\u00e8ce en mousse l\u00e9g\u00e8re pour contrer les impact.<\/span><\/li>\n<li><span style=\"color: #000000;\">Pi\u00e8ces de renforcement en plastique.<\/span><\/li>\n<li><span style=\"color: #000000;\">Pouce assurant une protection.<\/span><\/li>\n<li><span style=\"color: #000000;\">Manchette pro\ufb01l\u00e9e arrondie. <\/span><\/li>\n<\/ul>\n<p><span style=\"color: #000000;\"><strong>Tailles:<\/strong><\/span><\/p>\n<ul>\n<li data-section-id=\"1o2wsob\" data-start=\"365\" data-end=\"393\">\n<p data-start=\"367\" data-end=\"393\"><span style=\"color: #000000;\"><strong data-start=\"367\" data-end=\"379\">Cadet<\/strong> : 22&Prime;<\/span><\/p>\n<\/li>\n<li data-section-id=\"c9clj1\" data-start=\"394\" data-end=\"426\">\n<p data-start=\"396\" data-end=\"426\"><span style=\"color: #000000;\"><strong data-start=\"396\" data-end=\"406\">Jeune<\/strong> : 24&Prime; \/ 26&Prime; \/ 28&Prime;<\/span><\/p>\n<\/li>\n<li data-section-id=\"18rcexl\" data-start=\"427\" data-end=\"457\">\n<p data-start=\"429\" data-end=\"457\"><span style=\"color: #000000;\"><strong data-start=\"429\" data-end=\"439\">Adulte<\/strong> : 30&Prime; \/ 32&Prime; \/ 34&Prime;<\/span><\/p>\n<\/li>\n<\/ul>\n<p><span style=\"color: #000000;\"><strong>Programme de pr\u00e9commande<\/strong><\/span><\/p>\n<p>&nbsp;<\/p>\n","protected":false},"excerpt":{"rendered":"<p data-start=\"367\" data-end=\"393\"><strong data-start=\"367\" data-end=\"379\">Cadet<\/strong> : 22&Prime;<\/p>\n<p data-start=\"396\" data-end=\"426\"><strong data-start=\"396\" data-end=\"406\">Jeune<\/strong> : 24&Prime; \/ 26&Prime; \/ 28&Prime;<\/p>\n<p data-start=\"429\" data-end=\"457\"><strong data-start=\"429\" data-end=\"439\">Adulte<\/strong> : 30&Prime; \/ 32&Prime; \/ 34&Prime;<\/p>\n","protected":false},"featured_media":4155,"comment_status":"open","ping_status":"closed","template":"","meta":[],"product_brand":[],"product_cat":[333],"product_tag":[337],"class_list":{"0":"post-4125","1":"product","2":"type-product","3":"status-publish","4":"has-post-thumbnail","6":"product_cat-ensemble-de-gardien-de-rue","7":"product_tag-ensemble-de-gardien-de-hockey-de-rue","9":"first","10":"instock","11":"shipping-taxable","12":"product-type-simple"},"_links":{"self":[{"href":"https:\/\/elitehockey.com\/fr\/wp-json\/wp\/v2\/product\/4125","targetHints":{"allow":["GET"]}}],"collection":[{"href":"https:\/\/elitehockey.com\/fr\/wp-json\/wp\/v2\/product"}],"about":[{"href":"https:\/\/elitehockey.com\/fr\/wp-json\/wp\/v2\/types\/product"}],"replies":[{"embeddable":true,"href":"https:\/\/elitehockey.com\/fr\/wp-json\/wp\/v2\/comments?post=4125"}],"wp:featuredmedia":[{"embeddable":true,"href":"https:\/\/elitehockey.com\/fr\/wp-json\/wp\/v2\/media\/4155"}],"wp:attachment":[{"href":"https:\/\/elitehockey.com\/fr\/wp-json\/wp\/v2\/media?parent=4125"}],"wp:term":[{"taxonomy":"product_brand","embeddable":true,"href":"https:\/\/elitehockey.com\/fr\/wp-json\/wp\/v2\/product_brand?post=4125"},{"taxonomy":"product_cat","embeddable":true,"href":"https:\/\/elitehockey.com\/fr\/wp-json\/wp\/v2\/product_cat?post=4125"},{"taxonomy":"product_tag","embeddable":true,"href":"https:\/\/elitehockey.com\/fr\/wp-json\/wp\/v2\/product_tag?post=4125"}],"curies":[{"name":"wp","href":"https:\/\/api.w.org\/{rel}","templated":true}]}}