{"id":3198,"date":"2019-03-12T14:47:06","date_gmt":"2019-03-12T18:47:07","guid":{"rendered":"https:\/\/elitehockey.com\/?post_type=product&#038;p=3198"},"modified":"2019-03-20T14:42:30","modified_gmt":"2019-03-20T18:42:30","slug":"chaussettes-pro-series-compression-genou","status":"publish","type":"product","link":"https:\/\/elitehockey.com\/fr\/product\/chaussettes-pro-series-compression-genou\/","title":{"rendered":"Chaussettes Pro-Series Compression &#8211; Genou"},"content":{"rendered":"<p><strong>EH\u00ae PRO-SERIES COMPRESSION<\/strong> une extensibilit\u00e9 quadridirectionnelle assure une chaussette de compression l\u00e9g\u00e8re, de haute performance et parfaite, utilisant des mat\u00e9riaux de haute technologie.<\/p>\n<p>L&rsquo;archille con\u00e7ue de mani\u00e8re strat\u00e9gique, les poches sous le berceau et le bas du berceau cr\u00e9ent un \u00e9quilibre parfait.<\/p>\n<p>Fabriqu\u00e9 \u00e0 l&rsquo;aide de la derni\u00e8re <strong>TECHNOLOGIE DE TRICOT 3D<\/strong> pour un ajustement parfait et une compression optimale.<\/p>\n<p><strong>UN CHANGEUR DE JEU COMPLET.<\/strong><\/p>\n","protected":false},"excerpt":{"rendered":"<p><strong>EH\u00ae PRO-SERIES COMPRESSION<\/strong> une extensibilit\u00e9 quadridirectionnelle assure une chaussette de compression l\u00e9g\u00e8re, de haute performance et parfaite.<\/p>\n<table style=\"height: 152px;\" border=\"0\" width=\"428\">\n<tbody>\n<tr>\n<td style=\"text-align: center;\">Article<\/td>\n<td style=\"text-align: center;\">\u00a0 Couleur<\/td>\n<td style=\"text-align: left;\">\u00a0 Grandeur<\/td>\n<td style=\"text-align: center;\">Longueur<\/td>\n<\/tr>\n<tr>\n<td style=\"text-align: center;\">10730<\/td>\n<td style=\"text-align: center;\">Noir\/Gris Argent\u00e9<\/td>\n<td style=\"text-align: left;\">\u00a0 Petit\u00a0 2-4<\/td>\n<td style=\"text-align: center;\">Genou<\/td>\n<\/tr>\n<tr>\n<td style=\"text-align: center;\">10731<\/td>\n<td style=\"text-align: center;\">Noir\/Gris Argent\u00e9<\/td>\n<td style=\"text-align: left;\">\u00a0 Moyen 5-7<\/td>\n<td style=\"text-align: center;\">Genou<\/td>\n<\/tr>\n<tr>\n<td style=\"text-align: center;\">10732<\/td>\n<td style=\"text-align: center;\">Noir\/Gris Argent\u00e9<\/td>\n<td style=\"text-align: left;\">\u00a0 Grand 8-10<\/td>\n<td style=\"text-align: center;\">Genou<\/td>\n<\/tr>\n<tr>\n<td style=\"text-align: center;\">10733<\/td>\n<td style=\"text-align: center;\">Noir\/Gris Argent\u00e9<\/td>\n<td style=\"text-align: left;\">\u00a0 T-Grand 11-13<\/td>\n<td style=\"text-align: center;\">Genou<\/td>\n<\/tr>\n<\/tbody>\n<\/table>\n","protected":false},"featured_media":3212,"comment_status":"open","ping_status":"closed","template":"","meta":[],"product_brand":[],"product_cat":[305],"product_tag":[315,260,314,257,216,194,298,313],"class_list":{"0":"post-3198","1":"product","2":"type-product","3":"status-publish","4":"has-post-thumbnail","6":"product_cat-notorious-pro-series-compression-socks-fr","7":"product_tag-3d-fr","8":"product_tag-chaussette","9":"product_tag-compression-fr","10":"product_tag-gris-argente","11":"product_tag-hockey-fr","12":"product_tag-noir","13":"product_tag-notorious-fr","14":"product_tag-pro-series-fr","16":"first","17":"instock","18":"shipping-taxable","19":"product-type-simple"},"_links":{"self":[{"href":"https:\/\/elitehockey.com\/fr\/wp-json\/wp\/v2\/product\/3198","targetHints":{"allow":["GET"]}}],"collection":[{"href":"https:\/\/elitehockey.com\/fr\/wp-json\/wp\/v2\/product"}],"about":[{"href":"https:\/\/elitehockey.com\/fr\/wp-json\/wp\/v2\/types\/product"}],"replies":[{"embeddable":true,"href":"https:\/\/elitehockey.com\/fr\/wp-json\/wp\/v2\/comments?post=3198"}],"wp:featuredmedia":[{"embeddable":true,"href":"https:\/\/elitehockey.com\/fr\/wp-json\/wp\/v2\/media\/3212"}],"wp:attachment":[{"href":"https:\/\/elitehockey.com\/fr\/wp-json\/wp\/v2\/media?parent=3198"}],"wp:term":[{"taxonomy":"product_brand","embeddable":true,"href":"https:\/\/elitehockey.com\/fr\/wp-json\/wp\/v2\/product_brand?post=3198"},{"taxonomy":"product_cat","embeddable":true,"href":"https:\/\/elitehockey.com\/fr\/wp-json\/wp\/v2\/product_cat?post=3198"},{"taxonomy":"product_tag","embeddable":true,"href":"https:\/\/elitehockey.com\/fr\/wp-json\/wp\/v2\/product_tag?post=3198"}],"curies":[{"name":"wp","href":"https:\/\/api.w.org\/{rel}","templated":true}]}}