{"id":3155,"date":"2019-03-12T09:49:40","date_gmt":"2019-03-12T13:49:40","guid":{"rendered":"https:\/\/elitehockey.com\/?post_type=product&#038;p=3155"},"modified":"2019-04-16T14:37:18","modified_gmt":"2019-04-16T18:37:18","slug":"pro-ultra-dry-soakers-noir","status":"publish","type":"product","link":"https:\/\/elitehockey.com\/fr\/product\/pro-ultra-dry-soakers-noir\/","title":{"rendered":"Pro-Ultra Dry Soakers &#8211; Noir"},"content":{"rendered":"<p><strong>PROT\u00c9GEZ ET GARDEZ VOS PATINS BIEN AU SEC AVEC LES COUVRE-LAMES ELITE HOCKEY\u00ae PRO-ULTRA DRY SOAKER.<\/strong><\/p>\n<p>Sp\u00e9cialement con\u00e7us pour se glisser sur les lames tranchantes de vos patins de hockey, les couvre-lames <strong>ELITE HOCKEY\u00ae PRO-ULTRA DRY<\/strong> offrent une protection ultime contre toutes entailles et coupures \u00e0 votre \u00e9quipement et sac de hockey.<\/p>\n<p>Ils sont dot\u00e9s d&rsquo;un rev\u00eatement int\u00e9rieur \u00e9ponge qui absorbe l&rsquo;exc\u00e8s d&rsquo;eau sur les lames pour \u00e9viter la rouille. Le fond renforc\u00e9 avec paroi en polypropyl\u00e8ne tress\u00e9 et int\u00e9gr\u00e9 \u00e0 l\u2019int\u00e9rieur et \u00e0 l\u2019ext\u00e9rieur, prot\u00e8ge des entailles, n\u00e9cessitant ainsi moins d&rsquo;aff\u00fbtage. L\u2019ext\u00e9rieur en nylon r\u00e9sistant \u00e0 l&rsquo;eau offre une protection in\u00e9gal\u00e9e aux couches internes du tissu de vos couvre-lames pour emp\u00eacher l&rsquo;infiltration d&rsquo;eau.<\/p>\n<p><strong>UN AUTRE PRODUIT INNOVANT CON\u00c7U PAR ELITE HOCKEY\u00ae.<\/strong><\/p>\n","protected":false},"excerpt":{"rendered":"<p>Sp\u00e9cialement con\u00e7us pour se glisser sur les lames tranchantes de vos patins de hockey.<\/p>\n<table style=\"height: 121px;\" border=\"0\" width=\"322\">\n<tbody>\n<tr>\n<td style=\"text-align: center;\">No. d&rsquo;Article<\/td>\n<td style=\"text-align: left;\">Grandeur<\/td>\n<\/tr>\n<tr>\n<td style=\"text-align: center;\">13610<\/td>\n<td style=\"text-align: left;\">Petit\/Cadet jusqu&rsquo;\u00e0 13<\/td>\n<\/tr>\n<tr>\n<td style=\"text-align: center;\">13611<\/td>\n<td style=\"text-align: left;\">Moyen\/Jeune 1-5<\/td>\n<\/tr>\n<tr>\n<td style=\"text-align: center;\">13612<\/td>\n<td style=\"text-align: left;\">Grand\/Adulte 6-12<\/td>\n<\/tr>\n<\/tbody>\n<\/table>\n","protected":false},"featured_media":3445,"comment_status":"open","ping_status":"closed","template":"","meta":[],"product_brand":[],"product_cat":[301,172],"product_tag":[216,195,194,258,307,259],"class_list":{"0":"post-3155","1":"product","2":"type-product","3":"status-publish","4":"has-post-thumbnail","6":"product_cat-notorious-pro-ultra-dry-soakers-fr","7":"product_cat-pro-blade-soakers-fr","8":"product_tag-hockey-fr","9":"product_tag-lame","10":"product_tag-noir","11":"product_tag-patin","12":"product_tag-pro-ultra-dry-fr","13":"product_tag-soaker-fr","15":"first","16":"instock","17":"shipping-taxable","18":"product-type-simple"},"_links":{"self":[{"href":"https:\/\/elitehockey.com\/fr\/wp-json\/wp\/v2\/product\/3155","targetHints":{"allow":["GET"]}}],"collection":[{"href":"https:\/\/elitehockey.com\/fr\/wp-json\/wp\/v2\/product"}],"about":[{"href":"https:\/\/elitehockey.com\/fr\/wp-json\/wp\/v2\/types\/product"}],"replies":[{"embeddable":true,"href":"https:\/\/elitehockey.com\/fr\/wp-json\/wp\/v2\/comments?post=3155"}],"wp:featuredmedia":[{"embeddable":true,"href":"https:\/\/elitehockey.com\/fr\/wp-json\/wp\/v2\/media\/3445"}],"wp:attachment":[{"href":"https:\/\/elitehockey.com\/fr\/wp-json\/wp\/v2\/media?parent=3155"}],"wp:term":[{"taxonomy":"product_brand","embeddable":true,"href":"https:\/\/elitehockey.com\/fr\/wp-json\/wp\/v2\/product_brand?post=3155"},{"taxonomy":"product_cat","embeddable":true,"href":"https:\/\/elitehockey.com\/fr\/wp-json\/wp\/v2\/product_cat?post=3155"},{"taxonomy":"product_tag","embeddable":true,"href":"https:\/\/elitehockey.com\/fr\/wp-json\/wp\/v2\/product_tag?post=3155"}],"curies":[{"name":"wp","href":"https:\/\/api.w.org\/{rel}","templated":true}]}}