{"id":1586,"date":"2016-09-09T08:50:44","date_gmt":"2016-09-09T12:50:44","guid":{"rendered":"https:\/\/elitehockey.com\/en\/rose\/"},"modified":"2024-02-02T18:05:53","modified_gmt":"2024-02-02T23:05:53","slug":"chaussettes-pro-liner-adulte-rose","status":"publish","type":"product","link":"https:\/\/elitehockey.com\/fr\/product\/chaussettes-pro-liner-adulte-rose\/","title":{"rendered":"Rose"},"content":{"rendered":"<p>Nos chaussettes tubulaires High-Tech sont con\u00e7ues avec un m\u00e9lange de fibres de <strong>Bambou<\/strong> et de <strong>Lycra<\/strong>\u00ae pour une gestion extr\u00eame de l&rsquo;humidit\u00e9, une durabilit\u00e9 et un confort maximal.<\/p>\n<p><strong>CARACT\u00c9RISTIQUES:<\/strong><br \/>\n\u2022 Munies d\u2019une double manchette Elite Hockey\u00ae, les chaussettes sont maintenues confortablement en place.<br \/>\n\u2022 D\u2019une forme ajust\u00e9e et durable, vous avez la sensation d\u2019une deuxi\u00e8me couche mince.<br \/>\n\u2022 Couture \u00e0 la main ultraplate et antifriction.<\/p>\n<p><strong>CONTENU:<\/strong><br \/>\n<strong>67 % Rayonne de Bambou, 14 % Caoutchouc, 16 % Nylon, 3 % fibre LYCRA\u00ae.<\/strong><br \/>\n\u2022 PERFORMANCE SPORT BAMBOO \u00e9vacue l&rsquo;humidit\u00e9 de la peau.<br \/>\n\u2022 Le nylon s\u00e8che rapidement et r\u00e9siste \u00e0 l\u2019absorption d\u2019humidit\u00e9 offrant une chaussette fra\u00eeche, douce et souple.<br \/>\n\u2022 La fibre LYCRA\u00ae donne une \u00e9lasticit\u00e9 durable et une confection m\u00e9moire qui garde sa forme.<\/p>\n<p><img loading=\"lazy\" decoding=\"async\" class=\"alignnone size-full wp-image-3893\" src=\"https:\/\/elitehockey.com\/wp-content\/uploads\/2024\/02\/Lycra-performance.jpg\" alt=\"\" width=\"122\" height=\"82\" srcset=\"https:\/\/elitehockey.com\/wp-content\/uploads\/2024\/02\/Lycra-performance.jpg 122w, https:\/\/elitehockey.com\/wp-content\/uploads\/2024\/02\/Lycra-performance-120x81.jpg 120w\" sizes=\"auto, (max-width: 122px) 100vw, 122px\" \/><\/p>\n","protected":false},"excerpt":{"rendered":"<p>Nos chaussettes tubulaires High-Tech sont con\u00e7ues avec un m\u00e9lange de fibres de <strong>Bambou<\/strong> et de <strong>Lycra<\/strong>\u00ae pour une gestion extr\u00eame de l&rsquo;humidit\u00e9, une durabilit\u00e9 et un confort maximal.<\/p>\n<table style=\"height: 75px;\" border=\"0\" width=\"399\">\n<tbody>\n<tr>\n<td style=\"text-align: center;\">No. d&rsquo;Article<\/td>\n<td style=\"text-align: center;\">Couleur<\/td>\n<td style=\"text-align: left;\">\u00a0 Grandeur\/Adulte<\/td>\n<td style=\"text-align: center;\">Longueur<\/td>\n<\/tr>\n<tr>\n<td style=\"text-align: center;\">10148<\/td>\n<td style=\"text-align: center;\">Rose<\/td>\n<td style=\"text-align: center;\">\u00a0 Taille Unique (5-13)<\/td>\n<td style=\"text-align: center;\">Genou<\/td>\n<\/tr>\n<\/tbody>\n<\/table>\n","protected":false},"featured_media":3825,"comment_status":"open","ping_status":"closed","template":"","meta":[],"product_brand":[],"product_cat":[177],"product_tag":[255,192,260,219,216,236,233],"class_list":{"0":"post-1586","1":"product","2":"type-product","3":"status-publish","4":"has-post-thumbnail","6":"product_cat-pro-liner-adulte","7":"product_tag-adulte","8":"product_tag-bambou","9":"product_tag-chaussette","10":"product_tag-genou","11":"product_tag-hockey-fr","12":"product_tag-pro-liner-fr","13":"product_tag-rose","15":"first","16":"instock","17":"shipping-taxable","18":"product-type-simple"},"_links":{"self":[{"href":"https:\/\/elitehockey.com\/fr\/wp-json\/wp\/v2\/product\/1586","targetHints":{"allow":["GET"]}}],"collection":[{"href":"https:\/\/elitehockey.com\/fr\/wp-json\/wp\/v2\/product"}],"about":[{"href":"https:\/\/elitehockey.com\/fr\/wp-json\/wp\/v2\/types\/product"}],"replies":[{"embeddable":true,"href":"https:\/\/elitehockey.com\/fr\/wp-json\/wp\/v2\/comments?post=1586"}],"wp:featuredmedia":[{"embeddable":true,"href":"https:\/\/elitehockey.com\/fr\/wp-json\/wp\/v2\/media\/3825"}],"wp:attachment":[{"href":"https:\/\/elitehockey.com\/fr\/wp-json\/wp\/v2\/media?parent=1586"}],"wp:term":[{"taxonomy":"product_brand","embeddable":true,"href":"https:\/\/elitehockey.com\/fr\/wp-json\/wp\/v2\/product_brand?post=1586"},{"taxonomy":"product_cat","embeddable":true,"href":"https:\/\/elitehockey.com\/fr\/wp-json\/wp\/v2\/product_cat?post=1586"},{"taxonomy":"product_tag","embeddable":true,"href":"https:\/\/elitehockey.com\/fr\/wp-json\/wp\/v2\/product_tag?post=1586"}],"curies":[{"name":"wp","href":"https:\/\/api.w.org\/{rel}","templated":true}]}}