{"id":1564,"date":"2016-09-08T15:09:19","date_gmt":"2016-09-08T19:09:19","guid":{"rendered":"https:\/\/elitehockey.com\/en\/pro-x700-genou-carbone\/"},"modified":"2024-02-02T18:13:13","modified_gmt":"2024-02-02T23:13:13","slug":"pro-x700-genou-carbone","status":"publish","type":"product","link":"https:\/\/elitehockey.com\/fr\/product\/pro-x700-genou-carbone\/","title":{"rendered":"Pro-X700\/Genou Carbone"},"content":{"rendered":"<p>Chaussettes de haute performance et d\u2019une technologie avanc\u00e9e con\u00e7ue pour vos pieds par m\u00e8re nature. Ces chaussettes \u00e9cologiques sont naturellement respirantes, douces, r\u00e9sistantes et efficaces pour lutter contre la formation d\u2019odeurs cr\u00e9ant les bact\u00e9ries. Le Bambou garde vos pieds bien au sec en raison de son incroyable puissance d\u2019absorption de l&rsquo;humidit\u00e9.<br \/>\n<strong>Vivez cette sensation de confort gr\u00e2ce \u00e0 toutes nos nouvelles avanc\u00e9es en ajustement!<\/strong><\/p>\n<p><strong>CARACT\u00c9RISTIQUES<\/strong><br \/>\n\u2022 Bord confort EH\u00ae, doubl\u00e9 pour garder le bas confortablement en place.<br \/>\n\u2022 Chaussettes moulantes, durables et minces.<br \/>\n\u2022 Pans lat\u00e9raux qui s\u2019ouvrent et se ferment pour suivre le mouvement de la jambe.<br \/>\n\u2022 Zone de compression en Y pour une meilleure stabilit\u00e9, un meilleur contour et soutien du talon.<br \/>\n\u2022 Zone de flexion vers l\u2019avant pour emp\u00eacher la chaussette de glisser.<br \/>\n\u2022 L\u2019ourlet fendu, une technologie pour assurer un ajustement parfait et<br \/>\nune meilleure stabilit\u00e9.<br \/>\n\u2022 Zone de compression de 2&Prime; pour le soutien de l\u2019arche et de la cheville pour att\u00e9nuer la fatigue du pied et am\u00e9liorer la circulation.<br \/>\n\u2022 Couture extra plate, cousue \u00e0 la main, pr\u00e9vient toute friction.<\/p>\n<p><strong>COMPOS\u00c9 DE:<\/strong><br \/>\n76% Rayonne de Bambou, 18% Polyester, 3% Nylon et 3% Spandex.<br \/>\n\u2022 Le Bambou est une fibre naturellement biod\u00e9gradable antimicrobienne, antifongique, et hypoallerg\u00e9nique. G\u00e8re tout naturellement la r\u00e9gulation de la temp\u00e9rature, la respirabilit\u00e9, la douceur et l\u2019\u00e9vacuation de l&rsquo;humidit\u00e9. Absorbe quatre fois plus d\u2019humidit\u00e9 que le coton (vos chaussettes en coton), ce qui aide ainsi \u00e0 maintenir un milieu confortable pour vos pieds.<br \/>\n\u2022 Le Polyester s\u00e8che facilement, absorbe peu d\u2019humidit\u00e9 et\u00a0 apporte une souplesse et une agr\u00e9able sensation de fra\u00eecheur.<br \/>\n\u2022 Le Nylon ajoute durabilit\u00e9 et r\u00e9sistance au m\u00e9lange de fils.<br \/>\n\u2022 Le Spandex procure une \u00e9lasticit\u00e9 de longue dur\u00e9e et permet au bas de maintenir sa forme.<\/p>\n<p>&nbsp;<\/p>\n","protected":false},"excerpt":{"rendered":"<p><strong>Vivez cette sensation de confort gr\u00e2ce \u00e0 toutes nos nouvelles avanc\u00e9es en ajustement!<\/strong><\/p>\n<table style=\"height: 160px;\" border=\"0\" width=\"397\">\n<tbody>\n<tr>\n<td style=\"text-align: center;\">Article<\/td>\n<td style=\"text-align: center;\">Couleur<\/td>\n<td style=\"text-align: left;\">\u00a0 Grandeur<\/td>\n<td style=\"text-align: center;\">Longueur<\/td>\n<\/tr>\n<tr>\n<td style=\"text-align: center;\">10590<\/td>\n<td style=\"text-align: center;\">Carbone<\/td>\n<td style=\"text-align: left;\">\u00a0 Petit 2-4<\/td>\n<td style=\"text-align: center;\">Genou<\/td>\n<\/tr>\n<tr>\n<td style=\"text-align: center;\">10591<\/td>\n<td style=\"text-align: center;\">Carbone<\/td>\n<td style=\"text-align: left;\">\u00a0 Moyen H:5-7\/F:6-8<\/td>\n<td style=\"text-align: center;\">Genou<\/td>\n<\/tr>\n<tr>\n<td style=\"text-align: center;\">10592<\/td>\n<td style=\"text-align: center;\">Carbone<\/td>\n<td style=\"text-align: left;\">\u00a0 Grand H:8-10\/F:9-11<\/td>\n<td style=\"text-align: center;\">Genou<\/td>\n<\/tr>\n<tr>\n<td style=\"text-align: center;\">10593<\/td>\n<td style=\"text-align: center;\">Carbone<\/td>\n<td style=\"text-align: left;\">\u00a0 T-Grand H:11-13<\/td>\n<td style=\"text-align: center;\">Genou<\/td>\n<\/tr>\n<\/tbody>\n<\/table>\n","protected":false},"featured_media":2776,"comment_status":"open","ping_status":"closed","template":"","meta":[],"product_brand":[],"product_cat":[178],"product_tag":[192,198,260,219,216,235],"class_list":{"0":"post-1564","1":"product","2":"type-product","3":"status-publish","4":"has-post-thumbnail","6":"product_cat-pro-x700-fr","7":"product_tag-bambou","8":"product_tag-carbone","9":"product_tag-chaussette","10":"product_tag-genou","11":"product_tag-hockey-fr","12":"product_tag-pro-x700-fr","14":"first","15":"instock","16":"shipping-taxable","17":"product-type-simple"},"_links":{"self":[{"href":"https:\/\/elitehockey.com\/fr\/wp-json\/wp\/v2\/product\/1564","targetHints":{"allow":["GET"]}}],"collection":[{"href":"https:\/\/elitehockey.com\/fr\/wp-json\/wp\/v2\/product"}],"about":[{"href":"https:\/\/elitehockey.com\/fr\/wp-json\/wp\/v2\/types\/product"}],"replies":[{"embeddable":true,"href":"https:\/\/elitehockey.com\/fr\/wp-json\/wp\/v2\/comments?post=1564"}],"wp:featuredmedia":[{"embeddable":true,"href":"https:\/\/elitehockey.com\/fr\/wp-json\/wp\/v2\/media\/2776"}],"wp:attachment":[{"href":"https:\/\/elitehockey.com\/fr\/wp-json\/wp\/v2\/media?parent=1564"}],"wp:term":[{"taxonomy":"product_brand","embeddable":true,"href":"https:\/\/elitehockey.com\/fr\/wp-json\/wp\/v2\/product_brand?post=1564"},{"taxonomy":"product_cat","embeddable":true,"href":"https:\/\/elitehockey.com\/fr\/wp-json\/wp\/v2\/product_cat?post=1564"},{"taxonomy":"product_tag","embeddable":true,"href":"https:\/\/elitehockey.com\/fr\/wp-json\/wp\/v2\/product_tag?post=1564"}],"curies":[{"name":"wp","href":"https:\/\/api.w.org\/{rel}","templated":true}]}}