{"id":1535,"date":"2016-09-08T11:07:50","date_gmt":"2016-09-08T15:07:50","guid":{"rendered":"https:\/\/elitehockey.com\/en\/chaussettes-resistant-aux-coupures\/"},"modified":"2019-03-04T11:45:49","modified_gmt":"2019-03-04T16:45:49","slug":"chaussettes-resistant-aux-coupures","status":"publish","type":"product","link":"https:\/\/elitehockey.com\/fr\/product\/chaussettes-resistant-aux-coupures\/","title":{"rendered":"Chaussettes R\u00e9sistant Aux Coupures"},"content":{"rendered":"<p><strong>BAS R\u00c9SISTANT AUX COUPURES EH\u00ae<\/strong> avec <strong>Dyneema\u00ae<\/strong>, procure au bas l\u00e9g\u00e8ret\u00e9 et confort tout en garantissant une excellente r\u00e9sistance \u00e0 la coupe. La composition des fibres, douces et a\u00e9r\u00e9es, dissipe la chaleur et assure une bonne circulation de l\u2019air tout en r\u00e9sistant \u00e0 la croissance biologique des bact\u00e9ries dans le bas.<\/p>\n<p><strong>PROTECTION:<br \/>\n<\/strong>Dyneema\u00ae, la plus Forte Fibre du MondeTM, de faible poids et r\u00e9sistant pour une protection exceptionnelle contre le coup sans compromettre le confort \u00e0 l\u2019abrasion.<\/p>\n<p><strong>CONFORT:<\/strong><br \/>\nUne extension quadri directionnel et un soutient r\u00e9parti sur 3 zones offrent meilleur comfort et r\u00e9duisent les risques de glissement.<\/p>\n<p><strong>CONTENT:<\/strong><br \/>\n50% Dyneema\u00ae, 35% Nylon\u00ae, 5% Spandex, 10% Polyester.<br \/>\nStrat\u00e9giquement positionn\u00e9 fils pour maximiser la s\u00e9curit\u00e9 et le confort.<\/p>\n<p><strong>NOTE:<\/strong><br \/>\nR\u00c9SISTANCE: Le bas EH\u00ae a \u00e9t\u00e9 test\u00e9 par une firme ind\u00e9pendante et offre un haut niveau de protection \u00e0 la coupe. (NIVEAU 3).<\/p>\n","protected":false},"excerpt":{"rendered":"<table style=\"height: 152px;\" border=\"0\" width=\"428\">\n<tbody>\n<tr>\n<td style=\"text-align: center;\">Article<\/td>\n<td style=\"text-align: center;\">\u00a0 Couleur<\/td>\n<td style=\"text-align: left;\">\u00a0 Grandeur<\/td>\n<td style=\"text-align: center;\">Longueur<\/td>\n<\/tr>\n<tr>\n<td style=\"text-align: center;\">10700<\/td>\n<td style=\"text-align: center;\">Gris Argent\u00e9\/Noir<\/td>\n<td style=\"text-align: left;\">\u00a0 Petit\u00a0 2-4<\/td>\n<td style=\"text-align: center;\">Genou<\/td>\n<\/tr>\n<tr>\n<td style=\"text-align: center;\">10701<\/td>\n<td style=\"text-align: center;\">Gris Argent\u00e9\/Noir<\/td>\n<td style=\"text-align: left;\">\u00a0 Moyen 5-7<\/td>\n<td style=\"text-align: center;\">Genou<\/td>\n<\/tr>\n<tr>\n<td style=\"text-align: center;\">10702<\/td>\n<td style=\"text-align: center;\">Gris Argent\u00e9\/Noir<\/td>\n<td style=\"text-align: left;\">\u00a0 Grand 8-10<\/td>\n<td style=\"text-align: center;\">Genou<\/td>\n<\/tr>\n<tr>\n<td style=\"text-align: center;\">10703<\/td>\n<td style=\"text-align: center;\">Gris Argent\u00e9\/Noir<\/td>\n<td style=\"text-align: left;\">\u00a0 T-Grand 11-13<\/td>\n<td style=\"text-align: center;\">Genou<\/td>\n<\/tr>\n<\/tbody>\n<\/table>\n","protected":false},"featured_media":2945,"comment_status":"open","ping_status":"closed","template":"","meta":[],"product_brand":[],"product_cat":[180],"product_tag":[260,257,216,194,240],"class_list":{"0":"post-1535","1":"product","2":"type-product","3":"status-publish","4":"has-post-thumbnail","6":"product_cat-pro-cut-protection-fr","7":"product_tag-chaussette","8":"product_tag-gris-argente","9":"product_tag-hockey-fr","10":"product_tag-noir","11":"product_tag-protection-contre-coupure","13":"first","14":"instock","15":"shipping-taxable","16":"product-type-simple"},"_links":{"self":[{"href":"https:\/\/elitehockey.com\/fr\/wp-json\/wp\/v2\/product\/1535","targetHints":{"allow":["GET"]}}],"collection":[{"href":"https:\/\/elitehockey.com\/fr\/wp-json\/wp\/v2\/product"}],"about":[{"href":"https:\/\/elitehockey.com\/fr\/wp-json\/wp\/v2\/types\/product"}],"replies":[{"embeddable":true,"href":"https:\/\/elitehockey.com\/fr\/wp-json\/wp\/v2\/comments?post=1535"}],"wp:featuredmedia":[{"embeddable":true,"href":"https:\/\/elitehockey.com\/fr\/wp-json\/wp\/v2\/media\/2945"}],"wp:attachment":[{"href":"https:\/\/elitehockey.com\/fr\/wp-json\/wp\/v2\/media?parent=1535"}],"wp:term":[{"taxonomy":"product_brand","embeddable":true,"href":"https:\/\/elitehockey.com\/fr\/wp-json\/wp\/v2\/product_brand?post=1535"},{"taxonomy":"product_cat","embeddable":true,"href":"https:\/\/elitehockey.com\/fr\/wp-json\/wp\/v2\/product_cat?post=1535"},{"taxonomy":"product_tag","embeddable":true,"href":"https:\/\/elitehockey.com\/fr\/wp-json\/wp\/v2\/product_tag?post=1535"}],"curies":[{"name":"wp","href":"https:\/\/api.w.org\/{rel}","templated":true}]}}