{"id":1531,"date":"2016-09-06T15:08:01","date_gmt":"2016-09-06T19:08:01","guid":{"rendered":"https:\/\/elitehockey.com\/en\/protecteur-pelvien\/"},"modified":"2026-03-11T14:35:23","modified_gmt":"2026-03-11T18:35:23","slug":"protecteur-pelvien","status":"publish","type":"product","link":"https:\/\/elitehockey.com\/fr\/product\/protecteur-pelvien\/","title":{"rendered":"Protecteur Pelvien"},"content":{"rendered":"<p><strong>La Pelvi\u00e8re d&rsquo;Elite Hockey<\/strong>\u00ae \u00e0 double couture est fabriqu\u00e9e d\u2019un tissu extensible robuste.<\/p>\n<p><strong>Caract\u00e9ristiques:<\/strong><br \/>\n\u2022 Qualit\u00e9 professionnelle.<br \/>\n\u2022 Produit fabriqu\u00e9 sp\u00e9cialement pour pelvi\u00e8res.<br \/>\n\u2022 Ceinture tricot \u00e9lastique de 2,5\u201d.<br \/>\n\u2022 Pochette pour un maintien stable de la coquille.<\/p>\n","protected":false},"excerpt":{"rendered":"<p><strong>La Pelvi\u00e8re Elide Hockey<\/strong>\u00ae \u00e0 double couture est fabriqu\u00e9e d\u2019un tissu extensible robuste.<\/p>\n<table style=\"height: 62px;\" border=\"0\" width=\"274\">\n<tbody>\n<tr>\n<td style=\"text-align: center;\">No. d&rsquo;Article<\/td>\n<td style=\"text-align: center;\">Couleur<\/td>\n<td style=\"text-align: center;\">Grandeur<\/td>\n<\/tr>\n<tr>\n<td style=\"text-align: center;\">15621<\/td>\n<td style=\"text-align: center;\">Noir<\/td>\n<td style=\"text-align: center;\">Petit<\/td>\n<\/tr>\n<tr>\n<td style=\"text-align: center;\">15622<\/td>\n<td style=\"text-align: center;\">Noir<\/td>\n<td style=\"text-align: center;\">Moyen<\/td>\n<\/tr>\n<tr>\n<td style=\"text-align: center;\">15623<\/td>\n<td style=\"text-align: center;\">Noir<\/td>\n<td style=\"text-align: center;\">Grand<\/td>\n<\/tr>\n<tr>\n<td style=\"text-align: center;\">15624<\/td>\n<td style=\"text-align: center;\">Noir<\/td>\n<td style=\"text-align: center;\">T-Grand<\/td>\n<\/tr>\n<\/tbody>\n<\/table>\n","protected":false},"featured_media":4021,"comment_status":"open","ping_status":"closed","template":"","meta":[],"product_brand":[],"product_cat":[163],"product_tag":[264,243,249],"class_list":{"0":"post-1531","1":"product","2":"type-product","3":"status-publish","4":"has-post-thumbnail","6":"product_cat-protecteur-pour-femme","7":"product_tag-femme","8":"product_tag-protecteur-pelvien","9":"product_tag-ptotecteurs","11":"first","12":"instock","13":"shipping-taxable","14":"product-type-simple"},"_links":{"self":[{"href":"https:\/\/elitehockey.com\/fr\/wp-json\/wp\/v2\/product\/1531","targetHints":{"allow":["GET"]}}],"collection":[{"href":"https:\/\/elitehockey.com\/fr\/wp-json\/wp\/v2\/product"}],"about":[{"href":"https:\/\/elitehockey.com\/fr\/wp-json\/wp\/v2\/types\/product"}],"replies":[{"embeddable":true,"href":"https:\/\/elitehockey.com\/fr\/wp-json\/wp\/v2\/comments?post=1531"}],"wp:featuredmedia":[{"embeddable":true,"href":"https:\/\/elitehockey.com\/fr\/wp-json\/wp\/v2\/media\/4021"}],"wp:attachment":[{"href":"https:\/\/elitehockey.com\/fr\/wp-json\/wp\/v2\/media?parent=1531"}],"wp:term":[{"taxonomy":"product_brand","embeddable":true,"href":"https:\/\/elitehockey.com\/fr\/wp-json\/wp\/v2\/product_brand?post=1531"},{"taxonomy":"product_cat","embeddable":true,"href":"https:\/\/elitehockey.com\/fr\/wp-json\/wp\/v2\/product_cat?post=1531"},{"taxonomy":"product_tag","embeddable":true,"href":"https:\/\/elitehockey.com\/fr\/wp-json\/wp\/v2\/product_tag?post=1531"}],"curies":[{"name":"wp","href":"https:\/\/api.w.org\/{rel}","templated":true}]}}