{"id":1508,"date":"2016-09-06T11:08:47","date_gmt":"2016-09-06T15:08:47","guid":{"rendered":"https:\/\/elitehockey.com\/en\/proglove-green-125ml-2\/"},"modified":"2018-04-24T11:54:59","modified_gmt":"2018-04-24T15:54:59","slug":"proglove-green-125ml-fr","status":"publish","type":"product","link":"https:\/\/elitehockey.com\/fr\/product\/proglove-green-125ml-fr\/","title":{"rendered":"ProGlove Green 125ml"},"content":{"rendered":"<p><strong>\u00abLa solution biologique\u00bb pour \u00e9liminer les mauvaises odeurs.<\/strong><\/p>\n<p><strong>ProGlove Green<\/strong> est un produit biologique et \u00e9cologique contenant des surfactants biologiques et des micro-organismes, lesquels ont \u00e9t\u00e9 sp\u00e9cialement s\u00e9lectionn\u00e9s pour \u00e9liminer les odeurs d\u00e9sagr\u00e9ables. Ces microorganismes acc\u00e9l\u00e8rent la d\u00e9composition des mati\u00e8res organiques emp\u00eachant ainsi la production de gaz malodorants.<\/p>\n<p><strong>ProGlove Green<\/strong> est facile \u00e0 utiliser. Aucun m\u00e9lange n\u2019est requis. Vous n\u2019avez qu\u2019\u00e0 le vaporiser directement sur les \u00e9quipements de hockey \u00e0 l\u2019aide d\u2019un vaporisateur.<\/p>\n<p><strong>ProGlove Green<\/strong> est utilis\u00e9 et recommand\u00e9 pour \u00e9liminer les odeurs d\u00e9go\u00fbtantes sur tout l&rsquo;\u00e9quipement sportif.<\/p>\n<p><strong>ProGlove Green<\/strong> est Certifi\u00e9 le Choix Environnemental &#8211; EcoLogo. EcoLogo permet de guider des consommateurs sur la s\u00e9lection prudente de produits respectueux de l&rsquo;environnement. L&rsquo;avantage d&rsquo;avoir le certificat UL \/ EcoLogo est de permettre \u00e0 l&rsquo;utilisateur de se rendre compte que le produit achet\u00e9 est \u00e9cologique et pas nuisible pour l&rsquo;environnement, m\u00eame si parfois il doit nous donner une bonne conscience.<\/p>\n<p><strong>ProGlove Green<\/strong> est l&rsquo;Accr\u00e9ditation Biologiquement Certifi\u00e9e. Unique \u00e0 <strong>ProGlove Green<\/strong>, o\u00f9 tous les produits sont soumis \u00e0 l&rsquo;analyse biologique par des laboratoires ind\u00e9pendants diff\u00e9rents sp\u00e9cialis\u00e9s. Ceci permet d&rsquo;assurer le compte bact\u00e9rien et \/ ou l&rsquo;enzyme de tous nos produits. Ce programme unique permet, entre autres, \u00e9tablissant un sentiment de la confiance avec les clients qui peuvent mettre en doute la v\u00e9racit\u00e9 du contenus.<\/p>\n","protected":false},"excerpt":{"rendered":"<p>\u00abLa solution biologique\u00bb pour \u00e9liminer les mauvaises odeurs.<\/p>\n<p><strong>Caract\u00e9ristiques :<br \/>\nForme:\u00a0<\/strong> Liquide<br \/>\n<strong>Couleur: <\/strong>Vert<br \/>\n<strong>Parfum:<\/strong> Frais<br \/>\n<strong>Format:<\/strong> 4L<br \/>\n<strong>Contenu: <\/strong>Micro-organismes, tensio-actifs et nourritures biologiques.<br \/>\n<strong>No. d&rsquo;Article:<\/strong> 15514<\/p>\n","protected":false},"featured_media":2697,"comment_status":"open","ping_status":"closed","template":"","meta":[],"product_brand":[],"product_cat":[159],"product_tag":[186,208,210,216,238,212],"class_list":{"0":"post-1508","1":"product","2":"type-product","3":"status-publish","4":"has-post-thumbnail","6":"product_cat-proglove-green-fr","7":"product_tag-125ml-fr","8":"product_tag-fraicheur","9":"product_tag-gant","10":"product_tag-hockey-fr","11":"product_tag-proglove-fr","12":"product_tag-vert","14":"first","15":"instock","16":"shipping-taxable","17":"product-type-simple"},"_links":{"self":[{"href":"https:\/\/elitehockey.com\/fr\/wp-json\/wp\/v2\/product\/1508","targetHints":{"allow":["GET"]}}],"collection":[{"href":"https:\/\/elitehockey.com\/fr\/wp-json\/wp\/v2\/product"}],"about":[{"href":"https:\/\/elitehockey.com\/fr\/wp-json\/wp\/v2\/types\/product"}],"replies":[{"embeddable":true,"href":"https:\/\/elitehockey.com\/fr\/wp-json\/wp\/v2\/comments?post=1508"}],"wp:featuredmedia":[{"embeddable":true,"href":"https:\/\/elitehockey.com\/fr\/wp-json\/wp\/v2\/media\/2697"}],"wp:attachment":[{"href":"https:\/\/elitehockey.com\/fr\/wp-json\/wp\/v2\/media?parent=1508"}],"wp:term":[{"taxonomy":"product_brand","embeddable":true,"href":"https:\/\/elitehockey.com\/fr\/wp-json\/wp\/v2\/product_brand?post=1508"},{"taxonomy":"product_cat","embeddable":true,"href":"https:\/\/elitehockey.com\/fr\/wp-json\/wp\/v2\/product_cat?post=1508"},{"taxonomy":"product_tag","embeddable":true,"href":"https:\/\/elitehockey.com\/fr\/wp-json\/wp\/v2\/product_tag?post=1508"}],"curies":[{"name":"wp","href":"https:\/\/api.w.org\/{rel}","templated":true}]}}