{"id":1450,"date":"2016-09-02T13:11:06","date_gmt":"2016-09-02T17:11:06","guid":{"rendered":"https:\/\/elitehockey.com\/en\/jaune\/"},"modified":"2022-05-19T13:27:50","modified_gmt":"2022-05-19T17:27:50","slug":"pro-skate-guard-jaune","status":"publish","type":"product","link":"https:\/\/elitehockey.com\/fr\/product\/pro-skate-guard-jaune\/","title":{"rendered":"Pro Skate Guard V2.0 &#8211; Jaune"},"content":{"rendered":"<p><strong>C&rsquo;est vraiment une question de mordant!<\/strong><\/p>\n<p>Gardez vos patins aff\u00fbt\u00e9s et prot\u00e9gez les carres avec <strong>Elite\u00ae Pro Skate Guard V2.0<\/strong>; produit impr\u00e9gn\u00e9 d&rsquo;un inhibiteur de corrosion en phase vapeur. Le hockey est avant tout un sport d\u2019adresse, de vitesse, de pr\u00e9cision et de discipline, ainsi l&rsquo;entretien r\u00e9gulier de vos patins optimisera votre jeu tout en prot\u00e9geant votre investissement.<\/p>\n<p><a href=\"https:\/\/elitehockey.com\/wp-content\/uploads\/2019\/03\/Description-Fr.jpg\"><img loading=\"lazy\" decoding=\"async\" class=\"wp-image-3333\" src=\"https:\/\/elitehockey.com\/wp-content\/uploads\/2019\/03\/Description-Fr.jpg\" alt=\"Description Elite Hockey Pro-Skate Guard V2 - Fr\" width=\"576\" height=\"520\" srcset=\"https:\/\/elitehockey.com\/wp-content\/uploads\/2019\/03\/Description-Fr.jpg 862w, https:\/\/elitehockey.com\/wp-content\/uploads\/2019\/03\/Description-Fr-120x108.jpg 120w, https:\/\/elitehockey.com\/wp-content\/uploads\/2019\/03\/Description-Fr-300x271.jpg 300w, https:\/\/elitehockey.com\/wp-content\/uploads\/2019\/03\/Description-Fr-768x693.jpg 768w, https:\/\/elitehockey.com\/wp-content\/uploads\/2019\/03\/Description-Fr-510x460.jpg 510w\" sizes=\"auto, (max-width: 576px) 100vw, 576px\" \/><\/a><\/p>\n","protected":false},"excerpt":{"rendered":"<p>Sp\u00e9cialement con\u00e7us pour se glisser sur les lames tranchantes de vos patins de hockey.<\/p>\n<table style=\"height: 121px;\" border=\"0\" width=\"322\">\n<tbody>\n<tr>\n<td style=\"text-align: center;\">No. d&rsquo;Article<\/td>\n<td style=\"text-align: left;\">Grandeur<\/td>\n<\/tr>\n<tr>\n<td style=\"text-align: center;\">13483<\/td>\n<td style=\"text-align: left;\">Petit\/Cadet jusqu&rsquo;\u00e0 13<\/td>\n<\/tr>\n<tr>\n<td style=\"text-align: center;\">13473<\/td>\n<td style=\"text-align: left;\">Moyen\/Jeune 1-5<\/td>\n<\/tr>\n<tr>\n<td style=\"text-align: center;\">13474<\/td>\n<td style=\"text-align: left;\">Grand\/Adulte 6-9<\/td>\n<\/tr>\n<tr>\n<td style=\"text-align: center;\">13475<\/td>\n<td style=\"text-align: left;\">T-Grand\/Adulte 10-13<\/td>\n<\/tr>\n<\/tbody>\n<\/table>\n","protected":false},"featured_media":3563,"comment_status":"open","ping_status":"closed","template":"","meta":[],"product_brand":[],"product_cat":[174],"product_tag":[214,216,265,195,258],"class_list":{"0":"post-1450","1":"product","2":"type-product","3":"status-publish","4":"has-post-thumbnail","6":"product_cat-pro-skate-guard-fr","7":"product_tag-garde","8":"product_tag-hockey-fr","9":"product_tag-jaune","10":"product_tag-lame","11":"product_tag-patin","13":"first","14":"instock","15":"shipping-taxable","16":"product-type-simple"},"_links":{"self":[{"href":"https:\/\/elitehockey.com\/fr\/wp-json\/wp\/v2\/product\/1450","targetHints":{"allow":["GET"]}}],"collection":[{"href":"https:\/\/elitehockey.com\/fr\/wp-json\/wp\/v2\/product"}],"about":[{"href":"https:\/\/elitehockey.com\/fr\/wp-json\/wp\/v2\/types\/product"}],"replies":[{"embeddable":true,"href":"https:\/\/elitehockey.com\/fr\/wp-json\/wp\/v2\/comments?post=1450"}],"wp:featuredmedia":[{"embeddable":true,"href":"https:\/\/elitehockey.com\/fr\/wp-json\/wp\/v2\/media\/3563"}],"wp:attachment":[{"href":"https:\/\/elitehockey.com\/fr\/wp-json\/wp\/v2\/media?parent=1450"}],"wp:term":[{"taxonomy":"product_brand","embeddable":true,"href":"https:\/\/elitehockey.com\/fr\/wp-json\/wp\/v2\/product_brand?post=1450"},{"taxonomy":"product_cat","embeddable":true,"href":"https:\/\/elitehockey.com\/fr\/wp-json\/wp\/v2\/product_cat?post=1450"},{"taxonomy":"product_tag","embeddable":true,"href":"https:\/\/elitehockey.com\/fr\/wp-json\/wp\/v2\/product_tag?post=1450"}],"curies":[{"name":"wp","href":"https:\/\/api.w.org\/{rel}","templated":true}]}}