{"id":1433,"date":"2016-09-02T11:16:10","date_gmt":"2016-09-02T15:16:10","guid":{"rendered":"https:\/\/elitehockey.com\/en\/noir\/"},"modified":"2019-04-18T12:34:34","modified_gmt":"2019-04-18T16:34:34","slug":"pro-blade-soakers-noir","status":"publish","type":"product","link":"https:\/\/elitehockey.com\/fr\/product\/pro-blade-soakers-noir\/","title":{"rendered":"Noir"},"content":{"rendered":"<p><strong>Prot\u00e9gez et gardez vos patins bien au sec avec les couvre-lames Elite Hockey\u00ae Pro.<\/strong><\/p>\n<p>Sp\u00e9cialement con\u00e7us pour se glisser sur les lames tranchantes de vos patins de hockey, les couvre-lames Elite Hockey\u00ae Pro offrent une protection ultime contre toutes entailles et coupures \u00e0 votre \u00e9quipement et sac de hockey.<\/p>\n<p>Ils sont dot\u00e9s d&rsquo;un rev\u00eatement int\u00e9rieur \u00e9ponge qui absorbe l&rsquo;exc\u00e8s d&rsquo;eau sur les lames pour \u00e9viter la rouille. Le fond renforc\u00e9 avec paroi en polypropyl\u00e8ne tress\u00e9 et int\u00e9gr\u00e9 \u00e0 l\u2019int\u00e9rieur et \u00e0 l\u2019ext\u00e9rieur, prot\u00e8ge des entailles, n\u00e9cessitant ainsi moins d&rsquo;aff\u00fbtage. L\u2019ext\u00e9rieur en nylon r\u00e9sistant \u00e0 l&rsquo;eau offre une protection in\u00e9gal\u00e9e aux couches internes du tissu de vos couvre-lames pour emp\u00eacher l&rsquo;infiltration d&rsquo;eau.<\/p>\n<p>Un autre produit innovant con\u00e7u par Elite Hockey\u00ae.<\/p>\n","protected":false},"excerpt":{"rendered":"<p>Sp\u00e9cialement con\u00e7us pour se glisser sur les lames tranchantes de vos patins de hockey.<\/p>\n<table style=\"height: 121px;\" border=\"0\" width=\"322\">\n<tbody>\n<tr>\n<td style=\"text-align: center;\">No. d&rsquo;Article<\/td>\n<td style=\"text-align: left;\">Grandeur<\/td>\n<\/tr>\n<tr>\n<td style=\"text-align: center;\">13567<\/td>\n<td style=\"text-align: left;\">Petit\/Cadet jusqu&rsquo;\u00e0 13<\/td>\n<\/tr>\n<tr>\n<td style=\"text-align: center;\">13568<\/td>\n<td style=\"text-align: left;\">Moyen\/Jeune 1-5<\/td>\n<\/tr>\n<tr>\n<td style=\"text-align: center;\">13569<\/td>\n<td style=\"text-align: left;\">Grand\/Adulte 6-12<\/td>\n<\/tr>\n<\/tbody>\n<\/table>\n","protected":false},"featured_media":3508,"comment_status":"open","ping_status":"closed","template":"","meta":[],"product_brand":[],"product_cat":[172],"product_tag":[216,195,194,258,259],"class_list":{"0":"post-1433","1":"product","2":"type-product","3":"status-publish","4":"has-post-thumbnail","6":"product_cat-pro-blade-soakers-fr","7":"product_tag-hockey-fr","8":"product_tag-lame","9":"product_tag-noir","10":"product_tag-patin","11":"product_tag-soaker-fr","13":"first","14":"instock","15":"shipping-taxable","16":"product-type-simple"},"_links":{"self":[{"href":"https:\/\/elitehockey.com\/fr\/wp-json\/wp\/v2\/product\/1433","targetHints":{"allow":["GET"]}}],"collection":[{"href":"https:\/\/elitehockey.com\/fr\/wp-json\/wp\/v2\/product"}],"about":[{"href":"https:\/\/elitehockey.com\/fr\/wp-json\/wp\/v2\/types\/product"}],"replies":[{"embeddable":true,"href":"https:\/\/elitehockey.com\/fr\/wp-json\/wp\/v2\/comments?post=1433"}],"wp:featuredmedia":[{"embeddable":true,"href":"https:\/\/elitehockey.com\/fr\/wp-json\/wp\/v2\/media\/3508"}],"wp:attachment":[{"href":"https:\/\/elitehockey.com\/fr\/wp-json\/wp\/v2\/media?parent=1433"}],"wp:term":[{"taxonomy":"product_brand","embeddable":true,"href":"https:\/\/elitehockey.com\/fr\/wp-json\/wp\/v2\/product_brand?post=1433"},{"taxonomy":"product_cat","embeddable":true,"href":"https:\/\/elitehockey.com\/fr\/wp-json\/wp\/v2\/product_cat?post=1433"},{"taxonomy":"product_tag","embeddable":true,"href":"https:\/\/elitehockey.com\/fr\/wp-json\/wp\/v2\/product_tag?post=1433"}],"curies":[{"name":"wp","href":"https:\/\/api.w.org\/{rel}","templated":true}]}}