{"id":1364,"date":"2016-08-29T10:42:26","date_gmt":"2016-08-29T14:42:26","guid":{"rendered":"https:\/\/elitehockey.com\/en\/blancbleu-marine\/"},"modified":"2018-04-05T11:52:10","modified_gmt":"2018-04-05T15:52:10","slug":"pro-s700-blanc-bleu-marine","status":"publish","type":"product","link":"https:\/\/elitehockey.com\/fr\/product\/pro-s700-blanc-bleu-marine\/","title":{"rendered":"Blanc\/Bleu Marine"},"content":{"rendered":"<p><strong>Bienvenue \u00e0 un match de hockey!<\/strong><\/p>\n<p>Rigides, l\u00e9gers, souples et de toute performance, les lacets Elite Hockey\u00ae sont con\u00e7us pour joueurs aux pieds rapides et aux mouvements vifs. Nos lacets de hockey \u00e0 pointes moul\u00e9es, cir\u00e9es et sans cires sont r\u00e9volutionnaires et leur qualit\u00e9 les place \u00e0 des ann\u00e9es-lumi\u00e8res de tout autre lacet de hockey de la plan\u00e8te. Les lacets Elite Hockey\u00ae sont emball\u00e9s dans nos bo\u00eetes avant-gardistes, et pour chaque joueur, ils sont un r\u00eave devenu r\u00e9alit\u00e9.<\/p>\n<p><strong>Fabriqu\u00e9s et con\u00e7us pour marquer les coups!<\/strong><\/p>\n","protected":false},"excerpt":{"rendered":"<p>Nos lacets de hockey \u00e0 pointes moul\u00e9es, cir\u00e9es et sans cires sont r\u00e9volutionnaires<\/p>\n<table style=\"height: 227px;\" border=\"0\" width=\"340\">\n<tbody>\n<tr>\n<td style=\"text-align: center;\">No. d&rsquo;Article<\/td>\n<td style=\"text-align: center;\">Couleur<\/td>\n<td style=\"text-align: center;\">Longueur<\/td>\n<\/tr>\n<tr>\n<td style=\"text-align: center;\">13000<\/td>\n<td style=\"text-align: center;\">Blanc\/Bleu Marine<\/td>\n<td style=\"text-align: center;\">72&Prime;(182cm)<\/td>\n<\/tr>\n<tr>\n<td style=\"text-align: center;\">13001<\/td>\n<td style=\"text-align: center;\">Blanc\/Bleu Marine<\/td>\n<td style=\"text-align: center;\">84&Prime;(213cm)<\/td>\n<\/tr>\n<tr>\n<td style=\"text-align: center;\">13002<\/td>\n<td style=\"text-align: center;\">Blanc\/Bleu Marine<\/td>\n<td style=\"text-align: center;\">96&Prime;(243cm)<\/td>\n<\/tr>\n<tr>\n<td style=\"text-align: center;\">13003<\/td>\n<td style=\"text-align: center;\">Blanc\/Bleu Marine<\/td>\n<td style=\"text-align: center;\">108&Prime;(274cm)<\/td>\n<\/tr>\n<tr>\n<td style=\"text-align: center;\">13004<\/td>\n<td style=\"text-align: center;\">Blanc\/Bleu Marine<\/td>\n<td style=\"text-align: center;\">120&Prime;(304cm)<\/td>\n<\/tr>\n<tr>\n<td style=\"text-align: center;\">13005<\/td>\n<td style=\"text-align: center;\">Blanc\/Bleu Marine<\/td>\n<td style=\"text-align: center;\">130&Prime;(330cm)<\/td>\n<\/tr>\n<\/tbody>\n<\/table>\n","protected":false},"featured_media":2515,"comment_status":"open","ping_status":"closed","template":"","meta":[],"product_brand":[],"product_cat":[154],"product_tag":[263,262,216,220,194],"class_list":{"0":"post-1364","1":"product","2":"type-product","3":"status-publish","4":"has-post-thumbnail","6":"product_cat-pro-s700-fr","7":"product_tag-blanc","8":"product_tag-cirees","9":"product_tag-hockey-fr","10":"product_tag-lacets","11":"product_tag-noir","13":"first","14":"instock","15":"shipping-taxable","16":"product-type-simple"},"_links":{"self":[{"href":"https:\/\/elitehockey.com\/fr\/wp-json\/wp\/v2\/product\/1364","targetHints":{"allow":["GET"]}}],"collection":[{"href":"https:\/\/elitehockey.com\/fr\/wp-json\/wp\/v2\/product"}],"about":[{"href":"https:\/\/elitehockey.com\/fr\/wp-json\/wp\/v2\/types\/product"}],"replies":[{"embeddable":true,"href":"https:\/\/elitehockey.com\/fr\/wp-json\/wp\/v2\/comments?post=1364"}],"wp:featuredmedia":[{"embeddable":true,"href":"https:\/\/elitehockey.com\/fr\/wp-json\/wp\/v2\/media\/2515"}],"wp:attachment":[{"href":"https:\/\/elitehockey.com\/fr\/wp-json\/wp\/v2\/media?parent=1364"}],"wp:term":[{"taxonomy":"product_brand","embeddable":true,"href":"https:\/\/elitehockey.com\/fr\/wp-json\/wp\/v2\/product_brand?post=1364"},{"taxonomy":"product_cat","embeddable":true,"href":"https:\/\/elitehockey.com\/fr\/wp-json\/wp\/v2\/product_cat?post=1364"},{"taxonomy":"product_tag","embeddable":true,"href":"https:\/\/elitehockey.com\/fr\/wp-json\/wp\/v2\/product_tag?post=1364"}],"curies":[{"name":"wp","href":"https:\/\/api.w.org\/{rel}","templated":true}]}}