{"id":1218,"date":"2016-09-14T09:11:42","date_gmt":"2016-09-14T13:11:42","guid":{"rendered":"https:\/\/elitehockey.com\/fr\/?page_id=1218"},"modified":"2026-04-15T11:33:32","modified_gmt":"2026-04-15T15:33:32","slug":"a-propos","status":"publish","type":"page","link":"https:\/\/elitehockey.com\/fr\/a-propos\/","title":{"rendered":"\u00c0 Propos"},"content":{"rendered":"<div class=\"row\"  id=\"row-1431568034\">\n\n\t<div id=\"col-798706916\" class=\"col medium-6 large-6\"  >\n\t\t\t\t<div class=\"col-inner\"  >\n\t\t\t\n\t\t\t\n<p style=\"text-align: justify;\"><strong>NOTRE ENTREPRISE, NOTRE MESSAGE, NOTRE ENGAGEMENT<\/strong><\/p>\n<p>Notre objectif principal est de demeurer l&rsquo;ic\u00f4ne (Icon) au sein de notre entreprise tout en \u00e9tablissant d\u2019excellentes relations d\u2019affaires dans la communaut\u00e9.<\/p>\n<p>Nous avons \u00e9galement comme but de surpasser toutes les attentes des consommateurs; d\u2019\u00e9tablir sans cesse de nouvelles normes d&rsquo;excellence; de demeurer dynamique, proactif et engag\u00e9 envers toutes les personnes avec qui nous sommes affili\u00e9s.<\/p>\n<p>La gamme de produits <strong>ELITE HOCKEY<\/strong>\u00ae r\u00e9pond \u00e0 toutes demandes que les consommateurs sont en droit d\u2019exiger aujourd&rsquo;hui. Nos graphistes ont cr\u00e9\u00e9 des emballages et pr\u00e9sentoirs pour veiller \u00e0 la<br \/>satisfaction optimale des consommateurs, ceci dans un endroit facilement accessible. De plus, les normes de nos produits surpassent tout autre produit concurrentiel sur le march\u00e9 mondial.<\/p>\n<p>Chaque membre de notre \u00e9quipe d\u00e9vou\u00e9e s\u2019est engag\u00e9 \u00e0 offrir aux consommateurs des produits de la meilleure qualit\u00e9 possible dans l&rsquo;industrie du hockey.<\/p>\n<p>Comme nos manufactures sont compl\u00e8tement distinctes, chacune se sp\u00e9cialise dans sa cat\u00e9gorie respective. Cela nous permet donc de maintenir un contr\u00f4le rigoureux de la qualit\u00e9 et de d\u00e9velopper des produits cibl\u00e9s.<\/p>\n<p>En tant que chef de fil mondial dans la fabrication d&rsquo;accessoires de hockey de haute qualit\u00e9, nous d\u00e9sirons offrir un programme \u00e0 nos d\u00e9taillants, dont les utilisateurs appr\u00e9cieront et redemanderont.<\/p>\n<p>Finalement, le <strong>GAMEWEAR GROUP INC.<\/strong> vous invite \u00e0 communiquer avec l\u2019un de nos attentionn\u00e9s repr\u00e9sentants qui saura r\u00e9pondra \u00e0 toutes vos questions ou demandes.<\/p>\n\t\t<\/div>\n\t\t\t\t\t<\/div>\n\n\t\n\n\t<div id=\"col-938816689\" class=\"col medium-6 large-6\"  >\n\t\t\t\t<div class=\"col-inner text-center\"  >\n\t\t\t\n\t\t\t\n\t<div class=\"img has-hover x md-x lg-x y md-y lg-y\" id=\"image_243787065\">\n\t\t\t\t\t\t\t\t<div class=\"img-inner dark\" >\n\t\t\t<img loading=\"lazy\" decoding=\"async\" width=\"547\" height=\"605\" src=\"https:\/\/elitehockey.com\/wp-content\/uploads\/2018\/05\/all-products2018-Fr.jpg\" class=\"attachment-large size-large\" alt=\"\" srcset=\"https:\/\/elitehockey.com\/wp-content\/uploads\/2018\/05\/all-products2018-Fr.jpg 547w, https:\/\/elitehockey.com\/wp-content\/uploads\/2018\/05\/all-products2018-Fr-510x564.jpg 510w, https:\/\/elitehockey.com\/wp-content\/uploads\/2018\/05\/all-products2018-Fr-108x120.jpg 108w, https:\/\/elitehockey.com\/wp-content\/uploads\/2018\/05\/all-products2018-Fr-407x450.jpg 407w\" sizes=\"auto, (max-width: 547px) 100vw, 547px\" \/>\t\t\t\t\t\t\n\t\t\t\t\t<\/div>\n\t\t\t\t\t\t\t\t\n<style>\n#image_243787065 {\n  width: 100%;\n}\n<\/style>\n\t<\/div>\n\t\n\t\t<\/div>\n\t\t\t\t\t<\/div>\n\n\t\n<\/div>\n","protected":false},"excerpt":{"rendered":"","protected":false},"author":1,"featured_media":0,"parent":0,"menu_order":0,"comment_status":"closed","ping_status":"closed","template":"","meta":{"footnotes":""},"class_list":["post-1218","page","type-page","status-publish","hentry"],"_links":{"self":[{"href":"https:\/\/elitehockey.com\/fr\/wp-json\/wp\/v2\/pages\/1218","targetHints":{"allow":["GET"]}}],"collection":[{"href":"https:\/\/elitehockey.com\/fr\/wp-json\/wp\/v2\/pages"}],"about":[{"href":"https:\/\/elitehockey.com\/fr\/wp-json\/wp\/v2\/types\/page"}],"author":[{"embeddable":true,"href":"https:\/\/elitehockey.com\/fr\/wp-json\/wp\/v2\/users\/1"}],"replies":[{"embeddable":true,"href":"https:\/\/elitehockey.com\/fr\/wp-json\/wp\/v2\/comments?post=1218"}],"version-history":[{"count":8,"href":"https:\/\/elitehockey.com\/fr\/wp-json\/wp\/v2\/pages\/1218\/revisions"}],"predecessor-version":[{"id":4544,"href":"https:\/\/elitehockey.com\/fr\/wp-json\/wp\/v2\/pages\/1218\/revisions\/4544"}],"wp:attachment":[{"href":"https:\/\/elitehockey.com\/fr\/wp-json\/wp\/v2\/media?parent=1218"}],"curies":[{"name":"wp","href":"https:\/\/api.w.org\/{rel}","templated":true}]}}